{"id":10902,"date":"2022-03-29T07:36:52","date_gmt":"2022-03-29T05:36:52","guid":{"rendered":"http:\/\/www.gruenewald-international.info\/karriere\/"},"modified":"2019-11-19T13:12:58","modified_gmt":"2019-11-19T12:12:58","slug":"karriere","status":"publish","type":"page","link":"https:\/\/www.gruenewald-international.com\/pl\/karriere\/","title":{"rendered":"Kariera"},"content":{"rendered":"","protected":true},"excerpt":{"rendered":"","protected":true},"author":1,"featured_media":0,"parent":0,"menu_order":0,"comment_status":"closed","ping_status":"closed","template":"","meta":{"inline_featured_image":false,"footnotes":""},"yoast_head":"<!-- This site is optimized with the Yoast SEO plugin v22.2 - https:\/\/yoast.com\/wordpress\/plugins\/seo\/ -->\n<title>Kariera - Gr\u00fcnewald International<\/title>\n<meta name=\"robots\" content=\"index, follow, max-snippet:-1, max-image-preview:large, max-video-preview:-1\" \/>\n<link rel=\"canonical\" href=\"https:\/\/www.gruenewald-international.com\/pl\/karriere\/\" \/>\n<meta property=\"og:locale\" content=\"pl_PL\" \/>\n<meta property=\"og:type\" content=\"article\" \/>\n<meta property=\"og:title\" content=\"Kariera - Gr\u00fcnewald International\" \/>\n<meta property=\"og:description\" content=\"Brak zajawki, poniewa\u017c wpis jest zabezpieczony has\u0142em.\" \/>\n<meta property=\"og:url\" content=\"https:\/\/www.gruenewald-international.com\/pl\/karriere\/\" \/>\n<meta property=\"og:site_name\" content=\"Gr\u00fcnewald International\" \/>\n<meta property=\"article:modified_time\" content=\"2019-11-19T12:12:58+00:00\" \/>\n<meta name=\"twitter:card\" content=\"summary_large_image\" \/>\n<meta name=\"twitter:label1\" content=\"Szacowany czas czytania\" \/>\n\t<meta name=\"twitter:data1\" content=\"14 minut\" \/>\n<script type=\"application\/ld+json\" class=\"yoast-schema-graph\">{\"@context\":\"https:\/\/schema.org\",\"@graph\":[{\"@type\":\"WebPage\",\"@id\":\"https:\/\/www.gruenewald-international.com\/pl\/karriere\/\",\"url\":\"https:\/\/www.gruenewald-international.com\/pl\/karriere\/\",\"name\":\"Kariera - Gr\u00fcnewald International\",\"isPartOf\":{\"@id\":\"https:\/\/www.gruenewald-international.com\/pl\/#website\"},\"datePublished\":\"2022-03-29T05:36:52+00:00\",\"dateModified\":\"2019-11-19T12:12:58+00:00\",\"breadcrumb\":{\"@id\":\"https:\/\/www.gruenewald-international.com\/pl\/karriere\/#breadcrumb\"},\"inLanguage\":\"pl-PL\"},{\"@type\":\"WebSite\",\"@id\":\"https:\/\/www.gruenewald-international.com\/pl\/#website\",\"url\":\"https:\/\/www.gruenewald-international.com\/pl\/\",\"name\":\"Gr\u00fcnewald International\",\"description\":\"Qualit\u00e4t seit 1938\",\"potentialAction\":[{\"@type\":\"SearchAction\",\"target\":{\"@type\":\"EntryPoint\",\"urlTemplate\":\"https:\/\/www.gruenewald-international.com\/pl\/?s={search_term_string}\"},\"query-input\":\"required name=search_term_string\"}],\"inLanguage\":\"pl-PL\"}]}<\/script>\n<!-- \/ Yoast SEO plugin. -->","yoast_head_json":{"title":"Kariera - Gr\u00fcnewald International","robots":{"index":"index","follow":"follow","max-snippet":"max-snippet:-1","max-image-preview":"max-image-preview:large","max-video-preview":"max-video-preview:-1"},"canonical":"https:\/\/www.gruenewald-international.com\/pl\/karriere\/","og_locale":"pl_PL","og_type":"article","og_title":"Kariera - Gr\u00fcnewald International","og_description":"Brak zajawki, poniewa\u017c wpis jest zabezpieczony has\u0142em.","og_url":"https:\/\/www.gruenewald-international.com\/pl\/karriere\/","og_site_name":"Gr\u00fcnewald International","article_modified_time":"2019-11-19T12:12:58+00:00","twitter_card":"summary_large_image","twitter_misc":{"Szacowany czas czytania":"14 minut"},"schema":{"@context":"https:\/\/schema.org","@graph":[{"@type":"WebPage","@id":"https:\/\/www.gruenewald-international.com\/pl\/karriere\/","url":"https:\/\/www.gruenewald-international.com\/pl\/karriere\/","name":"Kariera - Gr\u00fcnewald International","isPartOf":{"@id":"https:\/\/www.gruenewald-international.com\/pl\/#website"},"datePublished":"2022-03-29T05:36:52+00:00","dateModified":"2019-11-19T12:12:58+00:00","breadcrumb":{"@id":"https:\/\/www.gruenewald-international.com\/pl\/karriere\/#breadcrumb"},"inLanguage":"pl-PL"},{"@type":"WebSite","@id":"https:\/\/www.gruenewald-international.com\/pl\/#website","url":"https:\/\/www.gruenewald-international.com\/pl\/","name":"Gr\u00fcnewald International","description":"Qualit\u00e4t seit 1938","potentialAction":[{"@type":"SearchAction","target":{"@type":"EntryPoint","urlTemplate":"https:\/\/www.gruenewald-international.com\/pl\/?s={search_term_string}"},"query-input":"required name=search_term_string"}],"inLanguage":"pl-PL"}]}},"_links":{"self":[{"href":"https:\/\/www.gruenewald-international.com\/pl\/wp-json\/wp\/v2\/pages\/10902"}],"collection":[{"href":"https:\/\/www.gruenewald-international.com\/pl\/wp-json\/wp\/v2\/pages"}],"about":[{"href":"https:\/\/www.gruenewald-international.com\/pl\/wp-json\/wp\/v2\/types\/page"}],"author":[{"embeddable":true,"href":"https:\/\/www.gruenewald-international.com\/pl\/wp-json\/wp\/v2\/users\/1"}],"replies":[{"embeddable":true,"href":"https:\/\/www.gruenewald-international.com\/pl\/wp-json\/wp\/v2\/comments?post=10902"}],"version-history":[{"count":3,"href":"https:\/\/www.gruenewald-international.com\/pl\/wp-json\/wp\/v2\/pages\/10902\/revisions"}],"predecessor-version":[{"id":11089,"href":"https:\/\/www.gruenewald-international.com\/pl\/wp-json\/wp\/v2\/pages\/10902\/revisions\/11089"}],"wp:attachment":[{"href":"https:\/\/www.gruenewald-international.com\/pl\/wp-json\/wp\/v2\/media?parent=10902"}],"curies":[{"name":"wp","href":"https:\/\/api.w.org\/{rel}","templated":true}]}}