{"id":10867,"date":"2019-07-22T14:20:45","date_gmt":"2019-07-22T12:20:45","guid":{"rendered":"http:\/\/www.gruenewald-international.info\/die-zukunft-aktiv-gestalten\/innovation\/"},"modified":"2019-11-18T13:00:23","modified_gmt":"2019-11-18T12:00:23","slug":"innowacje","status":"publish","type":"page","link":"https:\/\/www.gruenewald-international.com\/pl\/aktywne-ksztaltowanie-przyszlosci\/innowacje\/","title":{"rendered":"Innowacje"},"content":{"rendered":"[vc_row type=&#8221;full_width_content&#8221; full_screen_row_position=&#8221;middle&#8221; column_margin=&#8221;default&#8221; scene_position=&#8221;center&#8221; text_color=&#8221;dark&#8221; text_align=&#8221;left&#8221; overlay_strength=&#8221;0.3&#8243; shape_divider_position=&#8221;bottom&#8221; bg_image_animation=&#8221;none&#8221; shape_type=&#8221;&#8221;][vc_column column_padding=&#8221;no-extra-padding&#8221; column_padding_position=&#8221;all&#8221; background_color_opacity=&#8221;1&#8243; background_hover_color_opacity=&#8221;1&#8243; column_link_target=&#8221;_self&#8221; column_shadow=&#8221;none&#8221; column_border_radius=&#8221;none&#8221; width=&#8221;1\/1&#8243; tablet_width_inherit=&#8221;default&#8221; tablet_text_alignment=&#8221;default&#8221; phone_text_alignment=&#8221;default&#8221; overlay_strength=&#8221;0.3&#8243; column_border_width=&#8221;none&#8221; column_border_style=&#8221;solid&#8221; bg_image_animation=&#8221;none&#8221; offset=&#8221;vc_hidden-lg vc_hidden-md&#8221;][image_with_animation image_url=&#8221;7261&#8243; alignment=&#8221;&#8221; animation=&#8221;Fade In&#8221; hover_animation=&#8221;none&#8221; border_radius=&#8221;none&#8221; box_shadow=&#8221;none&#8221; image_loading=&#8221;default&#8221; max_width=&#8221;100%&#8221; max_width_mobile=&#8221;default&#8221;][\/vc_column][\/vc_row][vc_row type=&#8221;full_width_background&#8221; full_screen_row_position=&#8221;middle&#8221; column_margin=&#8221;default&#8221; bg_image=&#8221;7344&#8243; background_image_mobile_hidden=&#8221;true&#8221; bg_position=&#8221;center bottom&#8221; bg_repeat=&#8221;no-repeat&#8221; scene_position=&#8221;center&#8221; text_color=&#8221;custom&#8221; text_align=&#8221;left&#8221; top_padding=&#8221;5%&#8221; bottom_padding=&#8221;5%&#8221; id=&#8221;intro&#8221; overlay_strength=&#8221;0.95&#8243; shape_divider_position=&#8221;bottom&#8221; shape_divider_height=&#8221;350&#8243; bg_image_animation=&#8221;zoom-out&#8221; shape_type=&#8221;mountains&#8221;][vc_column column_padding=&#8221;no-extra-padding&#8221; column_padding_position=&#8221;all&#8221; background_color_opacity=&#8221;1&#8243; background_hover_color_opacity=&#8221;1&#8243; column_link_target=&#8221;_self&#8221; column_shadow=&#8221;none&#8221; column_border_radius=&#8221;none&#8221; width=&#8221;5\/12&#8243; tablet_width_inherit=&#8221;default&#8221; tablet_text_alignment=&#8221;default&#8221; phone_text_alignment=&#8221;default&#8221; overlay_strength=&#8221;0.3&#8243; column_border_width=&#8221;none&#8221; column_border_style=&#8221;solid&#8221; bg_image_animation=&#8221;none&#8221;][image_with_animation image_url=&#8221;7768&#8243; alignment=&#8221;&#8221; animation=&#8221;Grow In&#8221; hover_animation=&#8221;none&#8221; border_radius=&#8221;none&#8221; box_shadow=&#8221;none&#8221; image_loading=&#8221;default&#8221; max_width=&#8221;50%&#8221; max_width_mobile=&#8221;default&#8221;][divider line_type=&#8221;No Line&#8221; custom_height=&#8221;10&#8243;][vc_column_text css_animation=&#8221;fadeInUp&#8221;]\n<h1>Ku\u017ania pomys\u0142\u00f3w dla nowych inspiruj\u0105cych produkt\u00f3w owocowych i warzywnych!<\/h1>\n[\/vc_column_text][vc_row_inner column_margin=&#8221;default&#8221; text_align=&#8221;left&#8221;][vc_column_inner column_padding=&#8221;no-extra-padding&#8221; column_padding_position=&#8221;all&#8221; background_color_opacity=&#8221;1&#8243; background_hover_color_opacity=&#8221;1&#8243; column_shadow=&#8221;none&#8221; column_border_radius=&#8221;none&#8221; column_link_target=&#8221;_self&#8221; width=&#8221;1\/1&#8243; tablet_width_inherit=&#8221;default&#8221; overlay_strength=&#8221;0.3&#8243; column_border_width=&#8221;none&#8221; column_border_style=&#8221;solid&#8221; bg_image_animation=&#8221;none&#8221; enable_animation=&#8221;true&#8221; animation=&#8221;fade-in-from-bottom&#8221; delay=&#8221;200&#8243;][vc_column_text]\n<div id=\"c1098\" class=\"cont_elm text_center\">\n<div class=\"csc-textpic\">\n<div class=\"csc-textpic csc-textpic-intext-right\">\n<p class=\"bodytext\">Nie zostawiamy nic przypadkowi! W trzech miejscach w Europie rozwijamy ci\u0105gle nowe innowacyjne pomys\u0142y dla naszych klient\u00f3w oraz grupy \u2013 z systemem, know-how, pasj\u0105 i zaanga\u017cowaniem.<\/p>\n<\/div>\n<\/div>\n<\/div>\n[\/vc_column_text][\/vc_column_inner][\/vc_row_inner][\/vc_column][vc_column column_padding=&#8221;no-extra-padding&#8221; column_padding_position=&#8221;all&#8221; background_color_opacity=&#8221;1&#8243; background_hover_color_opacity=&#8221;1&#8243; column_link_target=&#8221;_self&#8221; column_shadow=&#8221;none&#8221; column_border_radius=&#8221;none&#8221; width=&#8221;7\/12&#8243; tablet_width_inherit=&#8221;default&#8221; tablet_text_alignment=&#8221;default&#8221; phone_text_alignment=&#8221;default&#8221; overlay_strength=&#8221;0.3&#8243; column_border_width=&#8221;none&#8221; column_border_style=&#8221;solid&#8221; bg_image_animation=&#8221;none&#8221;][\/vc_column][\/vc_row][vc_row type=&#8221;in_container&#8221; full_screen_row_position=&#8221;middle&#8221; column_margin=&#8221;default&#8221; scene_position=&#8221;center&#8221; text_color=&#8221;dark&#8221; text_align=&#8221;left&#8221; class=&#8221;zitatebox-oben&#8221; disable_element=&#8221;yes&#8221; overlay_strength=&#8221;0.3&#8243; shape_divider_position=&#8221;bottom&#8221; bg_image_animation=&#8221;none&#8221; shape_type=&#8221;&#8221;][vc_column column_padding=&#8221;no-extra-padding&#8221; column_padding_position=&#8221;all&#8221; background_color_opacity=&#8221;1&#8243; background_hover_color_opacity=&#8221;1&#8243; column_link_target=&#8221;_self&#8221; column_shadow=&#8221;none&#8221; column_border_radius=&#8221;none&#8221; width=&#8221;1\/1&#8243; tablet_width_inherit=&#8221;default&#8221; tablet_text_alignment=&#8221;default&#8221; phone_text_alignment=&#8221;default&#8221; overlay_strength=&#8221;0.3&#8243; column_border_width=&#8221;none&#8221; column_border_style=&#8221;solid&#8221; bg_image_animation=&#8221;none&#8221;][divider line_type=&#8221;No Line&#8221; custom_height=&#8221;60&#8243;][\/vc_column][\/vc_row][vc_row type=&#8221;in_container&#8221; full_screen_row_position=&#8221;middle&#8221; equal_height=&#8221;yes&#8221; content_placement=&#8221;top&#8221; column_margin=&#8221;default&#8221; bg_image=&#8221;7075&#8243; bg_position=&#8221;center center&#8221; bg_repeat=&#8221;no-repeat&#8221; scene_position=&#8221;center&#8221; text_color=&#8221;light&#8221; text_align=&#8221;left&#8221; class=&#8221;zitatebox-mitte&#8221; disable_element=&#8221;yes&#8221; enable_gradient=&#8221;true&#8221; color_overlay_2=&#8221;rgba(150,193,31,0.47)&#8221; gradient_direction=&#8221;left_to_right&#8221; overlay_strength=&#8221;0.3&#8243; shape_divider_position=&#8221;bottom&#8221; bg_image_animation=&#8221;none&#8221; parallax_bg=&#8221;true&#8221; parallax_bg_speed=&#8221;fast&#8221; shape_type=&#8221;&#8221;][vc_column column_padding=&#8221;no-extra-padding&#8221; column_padding_position=&#8221;all&#8221; background_color_opacity=&#8221;1&#8243; background_hover_color_opacity=&#8221;1&#8243; column_link_target=&#8221;_self&#8221; column_shadow=&#8221;none&#8221; column_border_radius=&#8221;none&#8221; width=&#8221;7\/12&#8243; tablet_width_inherit=&#8221;default&#8221; tablet_text_alignment=&#8221;default&#8221; phone_text_alignment=&#8221;default&#8221; overlay_strength=&#8221;0.3&#8243; column_border_width=&#8221;none&#8221; column_border_style=&#8221;solid&#8221; bg_image_animation=&#8221;none&#8221;][vc_row_inner column_margin=&#8221;default&#8221; translate_y=&#8221;-50%&#8221; translate_x=&#8221;-17%&#8221; text_align=&#8221;left&#8221;][vc_column_inner column_padding=&#8221;padding-8-percent&#8221; column_padding_position=&#8221;all&#8221; background_color=&#8221;#1b4720&#8243; background_color_opacity=&#8221;1&#8243; background_hover_color_opacity=&#8221;1&#8243; column_shadow=&#8221;none&#8221; column_border_radius=&#8221;none&#8221; column_link_target=&#8221;_self&#8221; width=&#8221;1\/1&#8243; tablet_width_inherit=&#8221;default&#8221; overlay_strength=&#8221;0.3&#8243; column_border_width=&#8221;none&#8221; column_border_style=&#8221;solid&#8221; bg_image_animation=&#8221;none&#8221;]<div class=\"iwithtext\"><div class=\"iwt-icon\"> <i class=\"icon-default-style fa fa-quote-left extra-color-3\"><\/i> <\/div><div class=\"iwt-text\"> \n<h4>Durch unsere enge Verbindung zur Landwirtschaft ist uns ressourcenschonendes und nachhaltiges Wirtschaften eine Herzensangelegenheit. Wir leisten schon heute einen Beitrag f\u00fcr eine gesunde Umwelt von morgen.<\/h4>\n <\/div><div class=\"clear\"><\/div><\/div>[\/vc_column_inner][\/vc_row_inner][\/vc_column][vc_column column_padding=&#8221;padding-6-percent&#8221; column_padding_position=&#8221;all&#8221; background_color_opacity=&#8221;1&#8243; background_hover_color_opacity=&#8221;1&#8243; column_link_target=&#8221;_self&#8221; column_shadow=&#8221;none&#8221; column_border_radius=&#8221;none&#8221; width=&#8221;5\/12&#8243; tablet_width_inherit=&#8221;default&#8221; tablet_text_alignment=&#8221;default&#8221; phone_text_alignment=&#8221;default&#8221; overlay_strength=&#8221;0.3&#8243; column_border_width=&#8221;none&#8221; column_border_style=&#8221;solid&#8221; bg_image_animation=&#8221;none&#8221;][vc_row_inner column_margin=&#8221;default&#8221; text_align=&#8221;right&#8221;][vc_column_inner column_padding=&#8221;padding-10-percent&#8221; column_padding_position=&#8221;all&#8221; background_color_opacity=&#8221;1&#8243; background_hover_color_opacity=&#8221;1&#8243; column_shadow=&#8221;none&#8221; column_border_radius=&#8221;none&#8221; column_link_target=&#8221;_self&#8221; width=&#8221;1\/1&#8243; tablet_width_inherit=&#8221;default&#8221; overlay_strength=&#8221;0.3&#8243; column_border_width=&#8221;none&#8221; column_border_style=&#8221;solid&#8221; bg_image_animation=&#8221;none&#8221;][\/vc_column_inner][\/vc_row_inner][\/vc_column][\/vc_row][vc_row type=&#8221;in_container&#8221; full_screen_row_position=&#8221;middle&#8221; column_margin=&#8221;default&#8221; scene_position=&#8221;center&#8221; text_color=&#8221;dark&#8221; text_align=&#8221;left&#8221; class=&#8221;trennung-standard&#8221; overlay_strength=&#8221;0.3&#8243; shape_divider_position=&#8221;bottom&#8221; bg_image_animation=&#8221;none&#8221; shape_type=&#8221;&#8221;][vc_column column_padding=&#8221;no-extra-padding&#8221; column_padding_position=&#8221;all&#8221; background_color_opacity=&#8221;1&#8243; background_hover_color_opacity=&#8221;1&#8243; column_link_target=&#8221;_self&#8221; column_shadow=&#8221;none&#8221; column_border_radius=&#8221;none&#8221; width=&#8221;1\/1&#8243; tablet_width_inherit=&#8221;default&#8221; tablet_text_alignment=&#8221;default&#8221; phone_text_alignment=&#8221;default&#8221; overlay_strength=&#8221;0.3&#8243; column_border_width=&#8221;none&#8221; column_border_style=&#8221;solid&#8221; bg_image_animation=&#8221;none&#8221;][divider line_type=&#8221;No Line&#8221;][\/vc_column][\/vc_row][vc_row type=&#8221;full_width_background&#8221; full_screen_row_position=&#8221;middle&#8221; column_margin=&#8221;default&#8221; scene_position=&#8221;center&#8221; text_color=&#8221;dark&#8221; text_align=&#8221;left&#8221; top_padding=&#8221;0&#8243; bottom_padding=&#8221;0&#8243; zindex=&#8221;3&#8243; id=&#8221;gogreen-2erbox&#8221; overlay_strength=&#8221;0.3&#8243; shape_divider_position=&#8221;bottom&#8221; bg_image_animation=&#8221;none&#8221; parallax_bg=&#8221;true&#8221; parallax_bg_speed=&#8221;fixed&#8221; background_color=&#8221;#171920&#8243; shape_type=&#8221;&#8221;][vc_column column_padding=&#8221;no-extra-padding&#8221; column_padding_position=&#8221;all&#8221; background_color_opacity=&#8221;0.9&#8243; background_hover_color_opacity=&#8221;1&#8243; column_link_target=&#8221;_self&#8221; column_shadow=&#8221;none&#8221; column_border_radius=&#8221;none&#8221; width=&#8221;1\/1&#8243; tablet_width_inherit=&#8221;default&#8221; tablet_text_alignment=&#8221;default&#8221; phone_text_alignment=&#8221;default&#8221; overlay_strength=&#8221;0.3&#8243; column_border_width=&#8221;none&#8221; column_border_color=&#8221;#ffffff&#8221; column_border_style=&#8221;solid&#8221; enable_border_animation=&#8221;true&#8221; bg_image_animation=&#8221;none&#8221; enable_animation=&#8221;true&#8221; animation=&#8221;flip-in&#8221;][vc_row_inner column_margin=&#8221;90px&#8221; text_align=&#8221;left&#8221;][vc_column_inner column_padding=&#8221;no-extra-padding&#8221; column_padding_position=&#8221;all&#8221; background_color_opacity=&#8221;1&#8243; background_hover_color_opacity=&#8221;1&#8243; column_shadow=&#8221;none&#8221; column_border_radius=&#8221;none&#8221; column_link_target=&#8221;_self&#8221; el_class=&#8221;gogreen-2erbox-links&#8221; width=&#8221;2\/3&#8243; tablet_width_inherit=&#8221;default&#8221; overlay_strength=&#8221;0.3&#8243; column_border_width=&#8221;none&#8221; column_border_color=&#8221;#ffffff&#8221; column_border_style=&#8221;solid&#8221; enable_border_animation=&#8221;true&#8221; bg_image_animation=&#8221;none&#8221; enable_animation=&#8221;true&#8221; animation=&#8221;fade-in-from-left&#8221; delay=&#8221;500&#8243;][vc_gallery type=&#8221;flexslider_style&#8221; images=&#8221;9252,9255&#8243; onclick=&#8221;link_no&#8221; img_size=&#8221;full&#8221;][\/vc_column_inner][vc_column_inner column_padding=&#8221;no-extra-padding&#8221; column_padding_position=&#8221;all&#8221; background_color_opacity=&#8221;1&#8243; background_hover_color_opacity=&#8221;1&#8243; column_shadow=&#8221;none&#8221; column_border_radius=&#8221;none&#8221; column_link_target=&#8221;_self&#8221; el_class=&#8221;gogreen-2erbox-rechts&#8221; width=&#8221;1\/3&#8243; tablet_width_inherit=&#8221;default&#8221; overlay_strength=&#8221;0.3&#8243; column_border_width=&#8221;none&#8221; column_border_style=&#8221;solid&#8221; bg_image_animation=&#8221;none&#8221;][nectar_highlighted_text color_type=&#8221;regular&#8221; highlight_color=&#8221;#96c11f&#8221; style=&#8221;full_text&#8221;]\n<h3>Natura czyni nas pomys\u0142owymi!<\/h3>\n[\/nectar_highlighted_text][vc_column_text]Nowe pomys\u0142y i innowacyjne rozwi\u0105zania \u2013 z wielk\u0105 pasj\u0105 i zaanga\u017cowaniem.<\/p>\n<p>Badamy i rozwijamy z dba\u0142o\u015bci\u0105 o ka\u017cdy szczeg\u00f3\u0142. \u0141\u0105czymy egzotyk\u0119 z regionalizmem, tradycj\u0119 z nowoczesno\u015bci\u0105 oraz optymalizujemy stale nasze procesy produkcyjne.<\/p>\n<p>Partnerskie podej\u015bcie, nasze bogactwo do\u015bwiadcze\u0144 oraz najnowsza wiedza naukowa przekonuj\u0105 r\u00f3wnie\u017c naszych klient\u00f3w. W atmosferze zaufania w \u015bcis\u0142ej wsp\u00f3\u0142pracy oraz \u017cywej wymianie pogl\u0105d\u00f3w codziennie powstaj\u0105 unikalne produkty.[\/vc_column_text][\/vc_column_inner][\/vc_row_inner][\/vc_column][\/vc_row][vc_row type=&#8221;in_container&#8221; full_screen_row_position=&#8221;middle&#8221; column_margin=&#8221;default&#8221; scene_position=&#8221;center&#8221; text_color=&#8221;dark&#8221; text_align=&#8221;left&#8221; class=&#8221;trennung-standard&#8221; overlay_strength=&#8221;0.3&#8243; shape_divider_position=&#8221;bottom&#8221; bg_image_animation=&#8221;none&#8221; shape_type=&#8221;&#8221;][vc_column column_padding=&#8221;no-extra-padding&#8221; column_padding_position=&#8221;all&#8221; background_color_opacity=&#8221;1&#8243; background_hover_color_opacity=&#8221;1&#8243; column_link_target=&#8221;_self&#8221; column_shadow=&#8221;none&#8221; column_border_radius=&#8221;none&#8221; width=&#8221;1\/1&#8243; tablet_width_inherit=&#8221;default&#8221; tablet_text_alignment=&#8221;default&#8221; phone_text_alignment=&#8221;default&#8221; overlay_strength=&#8221;0.3&#8243; column_border_width=&#8221;none&#8221; column_border_style=&#8221;solid&#8221; bg_image_animation=&#8221;none&#8221;][divider line_type=&#8221;No Line&#8221;][\/vc_column][\/vc_row]\n","protected":false},"excerpt":{"rendered":"<p>[vc_row type=&#8221;full_width_content&#8221; full_screen_row_position=&#8221;middle&#8221; column_margin=&#8221;default&#8221; scene_position=&#8221;center&#8221; text_color=&#8221;dark&#8221; text_align=&#8221;left&#8221; overlay_strength=&#8221;0.3&#8243; shape_divider_position=&#8221;bottom&#8221; bg_image_animation=&#8221;none&#8221; shape_type=&#8221;&#8221;][vc_column column_padding=&#8221;no-extra-padding&#8221; column_padding_position=&#8221;all&#8221; background_color_opacity=&#8221;1&#8243; background_hover_color_opacity=&#8221;1&#8243; column_link_target=&#8221;_self&#8221; column_shadow=&#8221;none&#8221; column_border_radius=&#8221;none&#8221; width=&#8221;1\/1&#8243; tablet_width_inherit=&#8221;default&#8221;&#8230;<\/p>\n","protected":false},"author":1,"featured_media":0,"parent":10828,"menu_order":0,"comment_status":"closed","ping_status":"closed","template":"","meta":{"inline_featured_image":false,"footnotes":""},"yoast_head":"<!-- This site is optimized with the Yoast SEO plugin v22.2 - https:\/\/yoast.com\/wordpress\/plugins\/seo\/ -->\n<title>Innowacje - Gr\u00fcnewald International<\/title>\n<meta name=\"robots\" content=\"index, follow, max-snippet:-1, max-image-preview:large, max-video-preview:-1\" \/>\n<link rel=\"canonical\" href=\"https:\/\/www.gruenewald-international.com\/pl\/aktywne-ksztaltowanie-przyszlosci\/innowacje\/\" \/>\n<meta property=\"og:locale\" content=\"pl_PL\" \/>\n<meta property=\"og:type\" content=\"article\" \/>\n<meta property=\"og:title\" content=\"Innowacje - Gr\u00fcnewald International\" \/>\n<meta property=\"og:description\" content=\"[vc_row type=&#8221;full_width_content&#8221; full_screen_row_position=&#8221;middle&#8221; column_margin=&#8221;default&#8221; scene_position=&#8221;center&#8221; text_color=&#8221;dark&#8221; text_align=&#8221;left&#8221; overlay_strength=&#8221;0.3&#8243; shape_divider_position=&#8221;bottom&#8221; bg_image_animation=&#8221;none&#8221; shape_type=&#8221;&#8221;][vc_column column_padding=&#8221;no-extra-padding&#8221; column_padding_position=&#8221;all&#8221; background_color_opacity=&#8221;1&#8243; background_hover_color_opacity=&#8221;1&#8243; column_link_target=&#8221;_self&#8221; column_shadow=&#8221;none&#8221; column_border_radius=&#8221;none&#8221; width=&#8221;1\/1&#8243; tablet_width_inherit=&#8221;default&#8221;...\" \/>\n<meta property=\"og:url\" content=\"https:\/\/www.gruenewald-international.com\/pl\/aktywne-ksztaltowanie-przyszlosci\/innowacje\/\" \/>\n<meta property=\"og:site_name\" content=\"Gr\u00fcnewald International\" \/>\n<meta property=\"article:modified_time\" content=\"2019-11-18T12:00:23+00:00\" \/>\n<meta name=\"twitter:card\" content=\"summary_large_image\" \/>\n<meta name=\"twitter:label1\" content=\"Szacowany czas czytania\" \/>\n\t<meta name=\"twitter:data1\" content=\"7 minut\" \/>\n<script type=\"application\/ld+json\" class=\"yoast-schema-graph\">{\"@context\":\"https:\/\/schema.org\",\"@graph\":[{\"@type\":\"WebPage\",\"@id\":\"https:\/\/www.gruenewald-international.com\/pl\/aktywne-ksztaltowanie-przyszlosci\/innowacje\/\",\"url\":\"https:\/\/www.gruenewald-international.com\/pl\/aktywne-ksztaltowanie-przyszlosci\/innowacje\/\",\"name\":\"Innowacje - Gr\u00fcnewald International\",\"isPartOf\":{\"@id\":\"https:\/\/www.gruenewald-international.com\/pl\/#website\"},\"datePublished\":\"2019-07-22T12:20:45+00:00\",\"dateModified\":\"2019-11-18T12:00:23+00:00\",\"breadcrumb\":{\"@id\":\"https:\/\/www.gruenewald-international.com\/pl\/aktywne-ksztaltowanie-przyszlosci\/innowacje\/#breadcrumb\"},\"inLanguage\":\"pl-PL\",\"potentialAction\":[{\"@type\":\"ReadAction\",\"target\":[\"https:\/\/www.gruenewald-international.com\/pl\/aktywne-ksztaltowanie-przyszlosci\/innowacje\/\"]}]},{\"@type\":\"BreadcrumbList\",\"@id\":\"https:\/\/www.gruenewald-international.com\/pl\/aktywne-ksztaltowanie-przyszlosci\/innowacje\/#breadcrumb\",\"itemListElement\":[{\"@type\":\"ListItem\",\"position\":1,\"name\":\"Aktywne kszta\u0142towanie przysz\u0142o\u015bci!\",\"item\":\"https:\/\/www.gruenewald-international.com\/pl\/aktywne-ksztaltowanie-przyszlosci\/\"},{\"@type\":\"ListItem\",\"position\":2,\"name\":\"Innowacje\"}]},{\"@type\":\"WebSite\",\"@id\":\"https:\/\/www.gruenewald-international.com\/pl\/#website\",\"url\":\"https:\/\/www.gruenewald-international.com\/pl\/\",\"name\":\"Gr\u00fcnewald International\",\"description\":\"Qualit\u00e4t seit 1938\",\"potentialAction\":[{\"@type\":\"SearchAction\",\"target\":{\"@type\":\"EntryPoint\",\"urlTemplate\":\"https:\/\/www.gruenewald-international.com\/pl\/?s={search_term_string}\"},\"query-input\":\"required name=search_term_string\"}],\"inLanguage\":\"pl-PL\"}]}<\/script>\n<!-- \/ Yoast SEO plugin. -->","yoast_head_json":{"title":"Innowacje - Gr\u00fcnewald International","robots":{"index":"index","follow":"follow","max-snippet":"max-snippet:-1","max-image-preview":"max-image-preview:large","max-video-preview":"max-video-preview:-1"},"canonical":"https:\/\/www.gruenewald-international.com\/pl\/aktywne-ksztaltowanie-przyszlosci\/innowacje\/","og_locale":"pl_PL","og_type":"article","og_title":"Innowacje - Gr\u00fcnewald International","og_description":"[vc_row type=&#8221;full_width_content&#8221; full_screen_row_position=&#8221;middle&#8221; column_margin=&#8221;default&#8221; scene_position=&#8221;center&#8221; text_color=&#8221;dark&#8221; text_align=&#8221;left&#8221; overlay_strength=&#8221;0.3&#8243; shape_divider_position=&#8221;bottom&#8221; bg_image_animation=&#8221;none&#8221; shape_type=&#8221;&#8221;][vc_column column_padding=&#8221;no-extra-padding&#8221; column_padding_position=&#8221;all&#8221; background_color_opacity=&#8221;1&#8243; background_hover_color_opacity=&#8221;1&#8243; column_link_target=&#8221;_self&#8221; column_shadow=&#8221;none&#8221; column_border_radius=&#8221;none&#8221; width=&#8221;1\/1&#8243; tablet_width_inherit=&#8221;default&#8221;...","og_url":"https:\/\/www.gruenewald-international.com\/pl\/aktywne-ksztaltowanie-przyszlosci\/innowacje\/","og_site_name":"Gr\u00fcnewald International","article_modified_time":"2019-11-18T12:00:23+00:00","twitter_card":"summary_large_image","twitter_misc":{"Szacowany czas czytania":"7 minut"},"schema":{"@context":"https:\/\/schema.org","@graph":[{"@type":"WebPage","@id":"https:\/\/www.gruenewald-international.com\/pl\/aktywne-ksztaltowanie-przyszlosci\/innowacje\/","url":"https:\/\/www.gruenewald-international.com\/pl\/aktywne-ksztaltowanie-przyszlosci\/innowacje\/","name":"Innowacje - Gr\u00fcnewald International","isPartOf":{"@id":"https:\/\/www.gruenewald-international.com\/pl\/#website"},"datePublished":"2019-07-22T12:20:45+00:00","dateModified":"2019-11-18T12:00:23+00:00","breadcrumb":{"@id":"https:\/\/www.gruenewald-international.com\/pl\/aktywne-ksztaltowanie-przyszlosci\/innowacje\/#breadcrumb"},"inLanguage":"pl-PL","potentialAction":[{"@type":"ReadAction","target":["https:\/\/www.gruenewald-international.com\/pl\/aktywne-ksztaltowanie-przyszlosci\/innowacje\/"]}]},{"@type":"BreadcrumbList","@id":"https:\/\/www.gruenewald-international.com\/pl\/aktywne-ksztaltowanie-przyszlosci\/innowacje\/#breadcrumb","itemListElement":[{"@type":"ListItem","position":1,"name":"Aktywne kszta\u0142towanie przysz\u0142o\u015bci!","item":"https:\/\/www.gruenewald-international.com\/pl\/aktywne-ksztaltowanie-przyszlosci\/"},{"@type":"ListItem","position":2,"name":"Innowacje"}]},{"@type":"WebSite","@id":"https:\/\/www.gruenewald-international.com\/pl\/#website","url":"https:\/\/www.gruenewald-international.com\/pl\/","name":"Gr\u00fcnewald International","description":"Qualit\u00e4t seit 1938","potentialAction":[{"@type":"SearchAction","target":{"@type":"EntryPoint","urlTemplate":"https:\/\/www.gruenewald-international.com\/pl\/?s={search_term_string}"},"query-input":"required name=search_term_string"}],"inLanguage":"pl-PL"}]}},"_links":{"self":[{"href":"https:\/\/www.gruenewald-international.com\/pl\/wp-json\/wp\/v2\/pages\/10867"}],"collection":[{"href":"https:\/\/www.gruenewald-international.com\/pl\/wp-json\/wp\/v2\/pages"}],"about":[{"href":"https:\/\/www.gruenewald-international.com\/pl\/wp-json\/wp\/v2\/types\/page"}],"author":[{"embeddable":true,"href":"https:\/\/www.gruenewald-international.com\/pl\/wp-json\/wp\/v2\/users\/1"}],"replies":[{"embeddable":true,"href":"https:\/\/www.gruenewald-international.com\/pl\/wp-json\/wp\/v2\/comments?post=10867"}],"version-history":[{"count":3,"href":"https:\/\/www.gruenewald-international.com\/pl\/wp-json\/wp\/v2\/pages\/10867\/revisions"}],"predecessor-version":[{"id":11008,"href":"https:\/\/www.gruenewald-international.com\/pl\/wp-json\/wp\/v2\/pages\/10867\/revisions\/11008"}],"up":[{"embeddable":true,"href":"https:\/\/www.gruenewald-international.com\/pl\/wp-json\/wp\/v2\/pages\/10828"}],"wp:attachment":[{"href":"https:\/\/www.gruenewald-international.com\/pl\/wp-json\/wp\/v2\/media?parent=10867"}],"curies":[{"name":"wp","href":"https:\/\/api.w.org\/{rel}","templated":true}]}}